{"id":280,"date":"2024-10-24T20:33:55","date_gmt":"2024-10-24T20:33:55","guid":{"rendered":"https:\/\/j2integridad.cl\/?page_id=280"},"modified":"2025-01-20T15:50:31","modified_gmt":"2025-01-20T18:50:31","slug":"nosotros-copy-copy","status":"publish","type":"page","link":"https:\/\/j2integridad.cl\/?page_id=280","title":{"rendered":"Servicios"},"content":{"rendered":"\n<h1>\n\t\tServicios\n\t<\/h1>\n<h1>\n\t\tSoluciones a medida para maximizar la eficiencia y seguridad de tus instalaciones de almacenamiento y transporte de l\u00edquidos.\n\t<\/h1>\n<h2>\n\t\tNuestros Servicios\n\t<\/h2>\n<h3>\n\t\tIntegridad\n\t<\/h3>\n\t\t\t\t<img loading=\"lazy\" decoding=\"async\" src=\"https:\/\/j2integridad.cl\/wp-content\/uploads\/2024\/10\/1-estanques.jpg\" alt=\"1 estanques\" itemprop=\"image\" height=\"1000\" width=\"1000\" title=\"1 estanques\" onerror=\"this.style.display='none'\"  \/>\n\t<p><strong>C\u00e1lculo de Estanques<\/strong><\/p>\n<p>Revisi\u00f3n de memorias de c\u00e1lculos para estanques, re-evaluaci\u00f3n de espesores seg\u00fan productos almacenados y actualizaci\u00f3n de velocidad de corrosi\u00f3n seg\u00fan producto almacenado. Proyecci\u00f3n de vida remanente.<\/p>\n<p>Factibilidad t\u00e9cnica de almacenaje de productos qu\u00edmicos y velocidad de corrosi\u00f3n esperada.<\/p>\n\t\t\t\t<img loading=\"lazy\" decoding=\"async\" src=\"https:\/\/j2integridad.cl\/wp-content\/uploads\/2024\/10\/7-estanque.jpg\" alt=\"7 estanque\" itemprop=\"image\" height=\"1000\" width=\"1000\" title=\"7 estanque\" onerror=\"this.style.display='none'\"  \/>\n\t<p><strong>Especificaciones T\u00e9cnicas para Reparaci\u00f3n de Estanques<\/strong><\/p>\n<p>Confecci\u00f3n de la documentaci\u00f3n para la modificaci\u00f3n, alteraci\u00f3n o reparaci\u00f3n de estanques fabricados bajo API , ASME. Elaboraci\u00f3n de planos generales y de detalle, especificaciones t\u00e9cnicas seg\u00fan est\u00e1ndares de construcci\u00f3n.<\/p>\n\t\t\t\t<img loading=\"lazy\" decoding=\"async\" src=\"https:\/\/j2integridad.cl\/wp-content\/uploads\/2024\/10\/2-corrosion.jpg\" alt=\"2 corrosion\" itemprop=\"image\" height=\"1000\" width=\"1000\" title=\"2 corrosion\" onerror=\"this.style.display='none'\"  \/>\n\t<p><strong>An\u00e1lisis de Da\u00f1os por Corrosi\u00f3n<\/strong><\/p>\n<p>Evaluaci\u00f3n detallada de los da\u00f1os por corrosi\u00f3n en tanques y ca\u00f1er\u00edas, con el objetivo de identificar los mecanismos de degradaci\u00f3n para proponer y brindar soluciones.<\/p>\n\t\t\t\t<img loading=\"lazy\" decoding=\"async\" src=\"https:\/\/j2integridad.cl\/wp-content\/uploads\/2024\/10\/crop-people-discussing-drafts-office-scaled.jpg\" alt=\"crop-people-discussing-drafts-office\" itemprop=\"image\" height=\"1707\" width=\"2560\" title=\"crop-people-discussing-drafts-office\" onerror=\"this.style.display='none'\"  \/>\n\t<p><strong>Evaluaciones de Aptitud para el Servicio, API 579-1\/ASME FFS-1 (Fitness-For-Service) <\/strong><\/p>\n<p>Evaluaciones de activos fijos con \u00e1reas adelgazadas que necesiten continuar operando bajo una condici\u00f3n de an\u00e1lisis que entregue seguridad. El an\u00e1lisis de aptitud para el servicio, seg\u00fan metodolog\u00eda de API 579, nos permitir\u00e1 entregar soluciones a problem\u00e1ticas que afectan a los activos fijos.<\/p>\n\t\t\t\t<img loading=\"lazy\" decoding=\"async\" src=\"https:\/\/j2integridad.cl\/wp-content\/uploads\/2024\/10\/3-ductos.jpg\" alt=\"3 ductos\" itemprop=\"image\" height=\"1000\" width=\"1000\" title=\"3 ductos\" onerror=\"this.style.display='none'\"  \/>\n\t<p><strong>Evaluaci\u00f3n de Integridad de Ductos<\/strong><\/p>\n<p>Evaluaci\u00f3n detallada de los da\u00f1os por corrosi\u00f3n en ductos, utilizando los criterios de evaluaci\u00f3n de la norma ASME B31G, para determinar su continuidad operacional bajo las condiciones actuales.<\/p>\n\t\t\t\t<img loading=\"lazy\" decoding=\"async\" src=\"https:\/\/j2integridad.cl\/wp-content\/uploads\/2024\/10\/4-canerias.jpg\" alt=\"4 ca\u00f1erias\" itemprop=\"image\" height=\"1000\" width=\"1000\" title=\"4 ca\u00f1erias\" onerror=\"this.style.display='none'\"  \/>\n\t<p><strong>Desarrollo de Procedimientos de Procesos de reparaci\u00f3n de Tanques y Ca\u00f1er\u00edas<\/strong><\/p>\n<p>Elaboraci\u00f3n de protocolos detallados para la reparaci\u00f3n y mantenimiento de tanques y ca\u00f1er\u00edas, incluyendo la revisi\u00f3n exhaustiva de la documentaci\u00f3n t\u00e9cnica existente y la generaci\u00f3n de nuevos registros.<\/p>\n<p>&nbsp;<\/p>\n\t\t\t\t<img loading=\"lazy\" decoding=\"async\" src=\"https:\/\/j2integridad.cl\/wp-content\/uploads\/2024\/10\/builders-discussing-drafts-1-scaled.jpg\" alt=\"builders-discussing-drafts\" itemprop=\"image\" height=\"1707\" width=\"2560\" title=\"builders-discussing-drafts\" onerror=\"this.style.display='none'\"  \/>\n\t<p><strong>Evaluaciones Estructurales<\/strong><\/p>\n<p>An\u00e1lisis estructural avanzado mediante la simulaci\u00f3n y modelado para predecir el comportamiento estructural bajo diversas condiciones de carga.<\/p>\n\t\t\t\t<img loading=\"lazy\" decoding=\"async\" src=\"https:\/\/j2integridad.cl\/wp-content\/uploads\/2024\/10\/5-soldaduras.jpg\" alt=\"5 soldaduras\" itemprop=\"image\" height=\"1000\" width=\"1000\" title=\"5 soldaduras\" onerror=\"this.style.display='none'\"  \/>\n\t<p><strong>Confecci\u00f3n de Procedimientos de Soldadura<\/strong><\/p>\n<p>Elaboraci\u00f3n de procedimientos de soldaduras bajo est\u00e1ndares AWS, ASME, API.<\/p>\n<h3>\n\t\tConfiabilidad\n\t<\/h3>\n\t\t\t\t<img loading=\"lazy\" decoding=\"async\" src=\"https:\/\/j2integridad.cl\/wp-content\/uploads\/2025\/01\/Imagen2.jpg\" alt=\"Imagen2\" itemprop=\"image\" height=\"820\" width=\"1480\" title=\"Imagen2\" onerror=\"this.style.display='none'\"  \/>\n\t<p><strong>Auditor\u00edas en Sistemas de Gesti\u00f3n<\/strong><\/p>\nEvaluamos la conformidad de los sistemas de gesti\u00f3n con las normativas y est\u00e1ndares nacionales e internacionales. Realizamos auditor\u00edas internas peri\u00f3dicas para asegurar que su sistema de gesti\u00f3n se mantenga robusto y en constante mejora.\n\t\t\t\t<img loading=\"lazy\" decoding=\"async\" src=\"https:\/\/j2integridad.cl\/wp-content\/uploads\/2025\/01\/Imagen1.jpg\" alt=\"Imagen1\" itemprop=\"image\" height=\"824\" width=\"1480\" title=\"Imagen1\" onerror=\"this.style.display='none'\"  \/>\n\t<p><strong>Consultor\u00edas en Confiabilidad Operacional<\/strong><\/p>\n<p>Incrementamos la confiabilidad de tus procesos operacionales y equipos. Ofrecemos soluciones personalizadas para optimizar la gesti\u00f3n de tus activos y minimizar los tiempos de parada.<\/p>\n\t\t\t\t<img loading=\"lazy\" decoding=\"async\" src=\"https:\/\/j2integridad.cl\/wp-content\/uploads\/2025\/01\/Imagen4.jpg\" alt=\"Imagen4\" itemprop=\"image\" height=\"828\" width=\"1480\" title=\"Imagen4\" onerror=\"this.style.display='none'\"  \/>\n\t<p><strong>Capacitaciones en Metodolog\u00edas de Gesti\u00f3n de Activos<\/strong><\/p>\n<p>Capacitamos a tu equipo en metodolog\u00edas de gesti\u00f3n de activos y mantenimiento permitiendo implementar soluciones efectivas. Formaci\u00f3n especializada en RCM, ACR, RAM y otras metodolog\u00edas clave.<\/p>\n\t\t\t\t<img loading=\"lazy\" decoding=\"async\" src=\"https:\/\/j2integridad.cl\/wp-content\/uploads\/2025\/01\/Imagen3.jpg\" alt=\"Imagen3\" itemprop=\"image\" height=\"816\" width=\"1493\" title=\"Imagen3\" onerror=\"this.style.display='none'\"  \/>\n\t<p><strong>Implementaci\u00f3n de Sistemas de Gesti\u00f3n (Activos\/Mantenimiento\/<wbr \/>Integridad)<\/strong><\/p>\nTransforma tu gesti\u00f3n de activos con nuestras soluciones integrales. Dise\u00f1amos e implementamos sistemas que se adaptan a tus necesidades espec\u00edficas.\n\t\t\t\t<img loading=\"lazy\" decoding=\"async\" src=\"https:\/\/j2integridad.cl\/wp-content\/uploads\/2025\/01\/Imagen6.jpg\" alt=\"Imagen6\" itemprop=\"image\" height=\"675\" width=\"1200\" title=\"Imagen6\" onerror=\"this.style.display='none'\"  \/>\n\t<p><strong>Desarrollo de documentaci\u00f3n asociada a Sistemas de Gesti\u00f3n<\/strong><\/p>\nDesarrollamos toda la documentaci\u00f3n necesaria para cumplir con los requisitos de tus sistemas de gesti\u00f3n. Procedimientos, instructivos, registros, todo lo que necesitas para garantizar la trazabilidad y el control de tus procesos.\n\t\t\t\t<img loading=\"lazy\" decoding=\"async\" src=\"https:\/\/j2integridad.cl\/wp-content\/uploads\/2025\/01\/Imagen5.jpg\" alt=\"Imagen5\" itemprop=\"image\" height=\"527\" width=\"938\" title=\"Imagen5\" onerror=\"this.style.display='none'\"  \/>\n\t<p><strong>Creaci\u00f3n de planes de mantenimiento\/inspecci\u00f3n<\/strong><\/p>\nCreamos planes de mantenimiento e inspecci\u00f3n personalizados para garantizar la vida \u00fatil de tus activos. Optimizamos los intervalos de mantenimiento y las tareas a realizar.\n\t\t\t\t<img loading=\"lazy\" decoding=\"async\" src=\"https:\/\/j2integridad.cl\/wp-content\/uploads\/2024\/10\/bn-5-copia-scaled.jpg\" alt=\"bn 5 copia\" itemprop=\"image\" height=\"1693\" width=\"2560\" title=\"bn 5 copia\" onerror=\"this.style.display='none'\"  \/>\n\t<p><strong>Gesti\u00f3n de Datos Maestros<\/strong><\/p>\nAprovecha al m\u00e1ximo las funcionalidades de SAP-PM y SAP-MM. Te ayudamos a configurar el sistema para que se adapte a tus procesos y necesidades espec\u00edficas.\n<h2>\n\t\tJ2 INTEGRIDAD LTDA.\n\t<\/h2>\n<p>Asesor\u00eda de profesionales comprometidos con el \u00e9xito de tu negocio<\/p>\n<p>&nbsp;<\/p>\n\t\t\t<a href=\"https:\/\/j2integridad.cl\/?page_id=108\" target=\"_self\">\n\t\t\t\t\t\t\tM\u00e1s Info\n\t\t\t<\/a>\n<h2>\n\t\tContacto\n\t<\/h2>\n<main id=\"main\">\n<article id=\"post-7\">\n<p>Para m\u00e1s informaci\u00f3n, no dudes en contactarnos a trav\u00e9s de nuestros canales de atenci\u00f3n.<\/p>\n<\/article>\n<\/main>\n\t\t\t<a href=\"\" target=\"_self\">\n\t\t\t\t\t\t\tContacto\n\t\t\t<\/a>\n\n","protected":false},"excerpt":{"rendered":"<p>Servicios Soluciones a medida para maximizar la eficiencia y seguridad de tus instalaciones de almacenamiento y transporte de l\u00edquidos. Nuestros [&hellip;]<\/p>\n","protected":false},"author":1,"featured_media":0,"parent":0,"menu_order":0,"comment_status":"closed","ping_status":"closed","template":"","meta":{"_uag_custom_page_level_css":"","site-sidebar-layout":"no-sidebar","site-content-layout":"page-builder","ast-site-content-layout":"default","site-content-style":"default","site-sidebar-style":"default","ast-global-header-display":"","ast-banner-title-visibility":"","ast-main-header-display":"","ast-hfb-above-header-display":"","ast-hfb-below-header-display":"","ast-hfb-mobile-header-display":"","site-post-title":"disabled","ast-breadcrumbs-content":"","ast-featured-img":"disabled","footer-sml-layout":"","ast-disable-related-posts":"","theme-transparent-header-meta":"","adv-header-id-meta":"","stick-header-meta":"","header-above-stick-meta":"","header-main-stick-meta":"","header-below-stick-meta":"","astra-migrate-meta-layouts":"default","ast-page-background-enabled":"default","ast-page-background-meta":{"desktop":{"background-color":"var(--ast-global-color-4)","background-image":"","background-repeat":"repeat","background-position":"center center","background-size":"auto","background-attachment":"scroll","background-type":"","background-media":"","overlay-type":"","overlay-color":"","overlay-opacity":"","overlay-gradient":""},"tablet":{"background-color":"","background-image":"","background-repeat":"repeat","background-position":"center center","background-size":"auto","background-attachment":"scroll","background-type":"","background-media":"","overlay-type":"","overlay-color":"","overlay-opacity":"","overlay-gradient":""},"mobile":{"background-color":"","background-image":"","background-repeat":"repeat","background-position":"center center","background-size":"auto","background-attachment":"scroll","background-type":"","background-media":"","overlay-type":"","overlay-color":"","overlay-opacity":"","overlay-gradient":""}},"ast-content-background-meta":{"desktop":{"background-color":"var(--ast-global-color-5)","background-image":"","background-repeat":"repeat","background-position":"center center","background-size":"auto","background-attachment":"scroll","background-type":"","background-media":"","overlay-type":"","overlay-color":"","overlay-opacity":"","overlay-gradient":""},"tablet":{"background-color":"var(--ast-global-color-5)","background-image":"","background-repeat":"repeat","background-position":"center center","background-size":"auto","background-attachment":"scroll","background-type":"","background-media":"","overlay-type":"","overlay-color":"","overlay-opacity":"","overlay-gradient":""},"mobile":{"background-color":"var(--ast-global-color-5)","background-image":"","background-repeat":"repeat","background-position":"center center","background-size":"auto","background-attachment":"scroll","background-type":"","background-media":"","overlay-type":"","overlay-color":"","overlay-opacity":"","overlay-gradient":""}},"footnotes":""},"class_list":["post-280","page","type-page","status-publish","hentry"],"uagb_featured_image_src":{"full":false,"thumbnail":false,"medium":false,"medium_large":false,"large":false,"1536x1536":false,"2048x2048":false},"uagb_author_info":{"display_name":"admin","author_link":"https:\/\/j2integridad.cl\/?author=1"},"uagb_comment_info":0,"uagb_excerpt":"Servicios Soluciones a medida para maximizar la eficiencia y seguridad de tus instalaciones de almacenamiento y transporte de l\u00edquidos. Nuestros [&hellip;]","_links":{"self":[{"href":"https:\/\/j2integridad.cl\/index.php?rest_route=\/wp\/v2\/pages\/280","targetHints":{"allow":["GET"]}}],"collection":[{"href":"https:\/\/j2integridad.cl\/index.php?rest_route=\/wp\/v2\/pages"}],"about":[{"href":"https:\/\/j2integridad.cl\/index.php?rest_route=\/wp\/v2\/types\/page"}],"author":[{"embeddable":true,"href":"https:\/\/j2integridad.cl\/index.php?rest_route=\/wp\/v2\/users\/1"}],"replies":[{"embeddable":true,"href":"https:\/\/j2integridad.cl\/index.php?rest_route=%2Fwp%2Fv2%2Fcomments&post=280"}],"version-history":[{"count":14,"href":"https:\/\/j2integridad.cl\/index.php?rest_route=\/wp\/v2\/pages\/280\/revisions"}],"predecessor-version":[{"id":412,"href":"https:\/\/j2integridad.cl\/index.php?rest_route=\/wp\/v2\/pages\/280\/revisions\/412"}],"wp:attachment":[{"href":"https:\/\/j2integridad.cl\/index.php?rest_route=%2Fwp%2Fv2%2Fmedia&parent=280"}],"curies":[{"name":"wp","href":"https:\/\/api.w.org\/{rel}","templated":true}]}}