{"id":339,"date":"2025-01-08T17:30:06","date_gmt":"2025-01-08T20:30:06","guid":{"rendered":"https:\/\/j2integridad.cl\/?page_id=339"},"modified":"2025-01-09T17:03:54","modified_gmt":"2025-01-09T20:03:54","slug":"nosotros-copy-2-copy","status":"publish","type":"page","link":"https:\/\/j2integridad.cl\/?page_id=339","title":{"rendered":"Pol\u00edticas"},"content":{"rendered":"\n<h1>\n\t\tCanal de Denuncias y Consultas\n\t<\/h1>\n<h2>\n\t\tPol\u00edticas\n\t<\/h2>\n<h3>\n\t\tCompromiso con la \u00c9tica y el Cumplimiento\n\t<\/h3>\n\t<p><strong>J2 Integridad<\/strong> se compromete con altos est\u00e1ndares<strong> legales y \u00e9ticos<\/strong>, promoviendo una conducta responsable y decisiones alineadas con las leyes y regulaciones. Su <strong>C\u00f3digo de conducta<\/strong> establece los l\u00edmites para actuar seg\u00fan valores y pol\u00edticas internas, protegiendo a la <strong>empresa y a sus colaboradores.<\/strong> Adem\u00e1s, habilita la <strong>denuncia de comportamientos<\/strong> que no respeten estos principios.<\/p>\n\t\t\t<a href=\"https:\/\/j2integridad.cl\/wp-content\/uploads\/2025\/01\/J2-PO-001-Codigo-de-Etica-de-J2-Integridad-Ltda.pdf\" target=\"_blank\" rel=\"noopener\">\n\t\t\t\t\t\t\tC\u00f3digo de \u00c9tica\n\t\t\t<\/a>\n\t<strong>Pol\u00edtica de \u00c9tica<\/strong><br \/>\nNuestro compromiso con la \u00e9tica es inquebrantable, y nos esforzamos por ser un ejemplo de conducta intachable en todo lo que hacemos.\n\t\t\t<a href=\"https:\/\/j2integridad.cl\/wp-content\/uploads\/2025\/01\/J2-PO-002-Politica-de-Prevencion-de-Delitos-J2-Integridad-Ltda.pdf\" target=\"_blank\" rel=\"noopener\">\n\t\t\t\t\t\t\tPrevenci\u00f3n de Delitos\n\t\t\t<\/a>\n\t<strong>Pol\u00edtica de Prevenci\u00f3n de Delitos<\/strong><br \/>\nNuestra dedicaci\u00f3n a la legalidad y la responsabilidad corporativa es fundamental para mantener la confianza de nuestros clientes.\n\t\t\t<a href=\"https:\/\/j2integridad.cl\/wp-content\/uploads\/2025\/01\/J2-PO-003-Politica-de-Imparcialidad-J2-Integridad-Ltda.pdf\" target=\"_blank\" rel=\"noopener\">\n\t\t\t\t\t\t\tPol\u00edtica de Confidencialidad\n\t\t\t<\/a>\n\t<strong>Pol\u00edtica de Confidencialidad e Imparcialidad<\/strong><br \/>\nNuestro compromiso con la confidencialidad e imparcialidad es esencial para ofrecer servicios de alta calidad y mantener la confianza de nuestros clientes.\n<h3>\n\t\tDENUNCIAS\n\t<\/h3>\n\t<p>\u00bfQui\u00e9re que su denuncia sea an\u00f3nima?<\/p>\n<p>Si elige que su denuncia no sea an\u00f3nima, le solicitamos por favor que ponga sus datos por cualquier consulta que le querramos hacer para poder llevar adelante una investigaci\u00f3n m\u00e1s exacta. Tenga en cuenta que si su denuncia no es clara, completa y elige que su presentaci\u00f3n sea an\u00f3nima, ning\u00fan agente de la empresa podr\u00e1 contactarlo para realizar aclaraciones o ampliaciones que permitan iniciar una investigaci\u00f3n preliminar.<\/p>\n\t<p><strong>Formulario de denuncia<\/strong><\/p>\n\t\n<div class=\"wpcf7 no-js\" id=\"wpcf7-f338-o1\" lang=\"es-ES\" dir=\"ltr\" data-wpcf7-id=\"338\">\n<div class=\"screen-reader-response\"><p role=\"status\" aria-live=\"polite\" aria-atomic=\"true\"><\/p> <ul><\/ul><\/div>\n<form action=\"\/index.php?rest_route=%2Fwp%2Fv2%2Fpages%2F339#wpcf7-f338-o1\" method=\"post\" class=\"wpcf7-form init\" aria-label=\"Formulario de contacto\" novalidate=\"novalidate\" data-status=\"init\">\n<fieldset class=\"hidden-fields-container\"><input type=\"hidden\" name=\"_wpcf7\" value=\"338\" \/><input type=\"hidden\" name=\"_wpcf7_version\" value=\"6.1.5\" \/><input type=\"hidden\" name=\"_wpcf7_locale\" value=\"es_ES\" \/><input type=\"hidden\" name=\"_wpcf7_unit_tag\" value=\"wpcf7-f338-o1\" \/><input type=\"hidden\" name=\"_wpcf7_container_post\" value=\"0\" \/><input type=\"hidden\" name=\"_wpcf7_posted_data_hash\" value=\"\" \/>\n<\/fieldset>\n<p>\u00bfDesea que su denuncia sea an\u00f3nima?<br \/>\n<span class=\"wpcf7-form-control-wrap\" data-name=\"radio-762\"><span class=\"wpcf7-form-control wpcf7-radio\"><span class=\"wpcf7-list-item first\"><label><input type=\"radio\" name=\"radio-762\" value=\"Si\" \/><span class=\"wpcf7-list-item-label\">Si<\/span><\/label><\/span><span class=\"wpcf7-list-item last\"><label><input type=\"radio\" name=\"radio-762\" value=\"no\" \/><span class=\"wpcf7-list-item-label\">no<\/span><\/label><\/span><\/span><\/span>\n<\/p>\n<p><label> Su nombre<br \/>\n<span class=\"wpcf7-form-control-wrap\" data-name=\"your-name\"><input size=\"40\" maxlength=\"400\" class=\"wpcf7-form-control wpcf7-text wpcf7-validates-as-required\" autocomplete=\"name\" aria-required=\"true\" aria-invalid=\"false\" value=\"\" type=\"text\" name=\"your-name\" \/><\/span> <\/label>\n<\/p>\n<p><label> Su correo electr\u00f3nico<br \/>\n<span class=\"wpcf7-form-control-wrap\" data-name=\"your-email\"><input size=\"40\" maxlength=\"400\" class=\"wpcf7-form-control wpcf7-email wpcf7-validates-as-required wpcf7-text wpcf7-validates-as-email\" autocomplete=\"email\" aria-required=\"true\" aria-invalid=\"false\" value=\"\" type=\"email\" name=\"your-email\" \/><\/span> <\/label>\n<\/p>\n<p><label> Empresa<br \/>\n<span class=\"wpcf7-form-control-wrap\" data-name=\"text-483\"><input size=\"40\" maxlength=\"400\" class=\"wpcf7-form-control wpcf7-text\" aria-invalid=\"false\" value=\"\" type=\"text\" name=\"text-483\" \/><\/span> <\/label>\n<\/p>\n<p><label> Su RUT (11.111.111-1)<br \/>\n<span class=\"wpcf7-form-control-wrap\" data-name=\"text-405\"><input size=\"40\" maxlength=\"400\" class=\"wpcf7-form-control wpcf7-text\" aria-invalid=\"false\" value=\"\" type=\"text\" name=\"text-405\" \/><\/span><\/label>\n<\/p>\n<p><label> Asunto<br \/>\n<span class=\"wpcf7-form-control-wrap\" data-name=\"your-subject\"><input size=\"40\" maxlength=\"400\" class=\"wpcf7-form-control wpcf7-text wpcf7-validates-as-required\" aria-required=\"true\" aria-invalid=\"false\" value=\"\" type=\"text\" name=\"your-subject\" \/><\/span> <\/label>\n<\/p>\n<p><label> Comentario<br \/>\n<span class=\"wpcf7-form-control-wrap\" data-name=\"your-message\"><textarea cols=\"40\" rows=\"10\" maxlength=\"2000\" class=\"wpcf7-form-control wpcf7-textarea\" aria-invalid=\"false\" name=\"your-message\"><\/textarea><\/span> <\/label>\n<\/p>\n<p><input class=\"wpcf7-form-control wpcf7-submit has-spinner\" type=\"submit\" value=\"Enviar\" \/>\n<\/p><div class=\"wpcf7-response-output\" aria-hidden=\"true\"><\/div>\n<\/form>\n<\/div>\n\n\t\t\t\t<img loading=\"lazy\" decoding=\"async\" src=\"https:\/\/j2integridad.cl\/wp-content\/uploads\/2024\/10\/logo-color-1.png\" alt=\"logo color\" itemprop=\"image\" height=\"1000\" width=\"1000\" title=\"logo color\" onerror=\"this.style.display='none'\"  \/>\n<h2>\n\t\tContacto\n\t<\/h2>\n\t<p>Para m\u00e1s informaci\u00f3n, no dudes en contactarnos a trav\u00e9s de nuestros canales de atenci\u00f3n.<\/p>\n<p>&nbsp;<\/p>\n<p><strong>Tel\u00e9fono o Whatsapp:<\/strong><\/p>\n<p>+56 9 3237 6969<\/p>\n<p><strong>e-mail:<\/strong><\/p>\n<p><a href=\"mailto:contacto@j2integridad.cl\">contacto@j2integridad.cl<\/a><\/p>\n\t\t\t<a href=\"https:\/\/j2integridad.cl\/?page_id=84\" target=\"_self\">\n\t\t\t\t\t\t\tContacto\n\t\t\t<\/a>\n\n","protected":false},"excerpt":{"rendered":"<p>Canal de Denuncias y Consultas Pol\u00edticas Compromiso con la \u00c9tica y el Cumplimiento J2 Integridad se compromete con altos est\u00e1ndares [&hellip;]<\/p>\n","protected":false},"author":1,"featured_media":0,"parent":0,"menu_order":0,"comment_status":"closed","ping_status":"closed","template":"","meta":{"_uag_custom_page_level_css":"","site-sidebar-layout":"no-sidebar","site-content-layout":"page-builder","ast-site-content-layout":"default","site-content-style":"default","site-sidebar-style":"default","ast-global-header-display":"","ast-banner-title-visibility":"","ast-main-header-display":"","ast-hfb-above-header-display":"","ast-hfb-below-header-display":"","ast-hfb-mobile-header-display":"","site-post-title":"disabled","ast-breadcrumbs-content":"","ast-featured-img":"disabled","footer-sml-layout":"","ast-disable-related-posts":"","theme-transparent-header-meta":"","adv-header-id-meta":"","stick-header-meta":"","header-above-stick-meta":"","header-main-stick-meta":"","header-below-stick-meta":"","astra-migrate-meta-layouts":"default","ast-page-background-enabled":"default","ast-page-background-meta":{"desktop":{"background-color":"var(--ast-global-color-4)","background-image":"","background-repeat":"repeat","background-position":"center center","background-size":"auto","background-attachment":"scroll","background-type":"","background-media":"","overlay-type":"","overlay-color":"","overlay-opacity":"","overlay-gradient":""},"tablet":{"background-color":"","background-image":"","background-repeat":"repeat","background-position":"center center","background-size":"auto","background-attachment":"scroll","background-type":"","background-media":"","overlay-type":"","overlay-color":"","overlay-opacity":"","overlay-gradient":""},"mobile":{"background-color":"","background-image":"","background-repeat":"repeat","background-position":"center center","background-size":"auto","background-attachment":"scroll","background-type":"","background-media":"","overlay-type":"","overlay-color":"","overlay-opacity":"","overlay-gradient":""}},"ast-content-background-meta":{"desktop":{"background-color":"var(--ast-global-color-5)","background-image":"","background-repeat":"repeat","background-position":"center center","background-size":"auto","background-attachment":"scroll","background-type":"","background-media":"","overlay-type":"","overlay-color":"","overlay-opacity":"","overlay-gradient":""},"tablet":{"background-color":"var(--ast-global-color-5)","background-image":"","background-repeat":"repeat","background-position":"center center","background-size":"auto","background-attachment":"scroll","background-type":"","background-media":"","overlay-type":"","overlay-color":"","overlay-opacity":"","overlay-gradient":""},"mobile":{"background-color":"var(--ast-global-color-5)","background-image":"","background-repeat":"repeat","background-position":"center center","background-size":"auto","background-attachment":"scroll","background-type":"","background-media":"","overlay-type":"","overlay-color":"","overlay-opacity":"","overlay-gradient":""}},"footnotes":""},"class_list":["post-339","page","type-page","status-publish","hentry"],"uagb_featured_image_src":{"full":false,"thumbnail":false,"medium":false,"medium_large":false,"large":false,"1536x1536":false,"2048x2048":false},"uagb_author_info":{"display_name":"admin","author_link":"https:\/\/j2integridad.cl\/?author=1"},"uagb_comment_info":0,"uagb_excerpt":"Canal de Denuncias y Consultas Pol\u00edticas Compromiso con la \u00c9tica y el Cumplimiento J2 Integridad se compromete con altos est\u00e1ndares [&hellip;]","_links":{"self":[{"href":"https:\/\/j2integridad.cl\/index.php?rest_route=\/wp\/v2\/pages\/339","targetHints":{"allow":["GET"]}}],"collection":[{"href":"https:\/\/j2integridad.cl\/index.php?rest_route=\/wp\/v2\/pages"}],"about":[{"href":"https:\/\/j2integridad.cl\/index.php?rest_route=\/wp\/v2\/types\/page"}],"author":[{"embeddable":true,"href":"https:\/\/j2integridad.cl\/index.php?rest_route=\/wp\/v2\/users\/1"}],"replies":[{"embeddable":true,"href":"https:\/\/j2integridad.cl\/index.php?rest_route=%2Fwp%2Fv2%2Fcomments&post=339"}],"version-history":[{"count":16,"href":"https:\/\/j2integridad.cl\/index.php?rest_route=\/wp\/v2\/pages\/339\/revisions"}],"predecessor-version":[{"id":387,"href":"https:\/\/j2integridad.cl\/index.php?rest_route=\/wp\/v2\/pages\/339\/revisions\/387"}],"wp:attachment":[{"href":"https:\/\/j2integridad.cl\/index.php?rest_route=%2Fwp%2Fv2%2Fmedia&parent=339"}],"curies":[{"name":"wp","href":"https:\/\/api.w.org\/{rel}","templated":true}]}}