{"id":415,"date":"2025-02-07T12:57:15","date_gmt":"2025-02-07T15:57:15","guid":{"rendered":"https:\/\/j2integridad.cl\/?page_id=415"},"modified":"2025-02-07T14:54:21","modified_gmt":"2025-02-07T17:54:21","slug":"nosotros-copy","status":"publish","type":"page","link":"https:\/\/j2integridad.cl\/?page_id=415","title":{"rendered":"Nosotros"},"content":{"rendered":"\n<h1>\n\t\t\u00bfQuienes somos?\n\t<\/h1>\n<h2>\n\t\tJ2 Integridad Limitada\n\t<\/h2>\n\t<p>Somos un equipo de profesionales multidisciplinarios enfocados a entregar soluciones a las problem\u00e1ticas relacionadas con los activos f\u00edsicos para el almacenaje, transporte de l\u00edquidos a granel, hidrocarburos y elementos estructurales. Nos enfocamos a resolver los temas de continuidad operacional de equipos est\u00e1ticos con da\u00f1os por degradaci\u00f3n o modificaciones por reparaciones y\/o alteraciones.<\/p>\n<p>Prestaremos las asesor\u00edas t\u00e9cnicas que entreguen las soluciones m\u00e1s adecuadas en la conservaci\u00f3n de sus activos, entregando las alternativas de proyecci\u00f3n o adecuaci\u00f3n.<\/p>\n<h3>\n\t\tObjetivos\n\t<\/h3>\n\t<p>Brindar soluciones personalizadas para asegurar la integridad y eficiencia de los activos f\u00edsicos, minimizando el riesgo y maximizando la vida \u00fatil de instalaciones de almacenamiento y transporte de l\u00edquidos.<\/p>\n<h2>\n\t\tAsesorias en:\n\t<\/h2>\n\t<ul>\n<li><strong>C\u00c1LCULO DE ESTANQUES<\/strong><\/li>\n<li><strong>ESPECIFICACIONES T\u00c9CNICAS PARA REPARACI\u00d3N DE ESTANQUES<\/strong><\/li>\n<li><strong>ESPECIFICACIONES T\u00c9CNICAS PARA REPARACION DE CA\u00d1ER\u00cdAS<\/strong><\/li>\n<li><strong>AN\u00c1LISIS DE DA\u00d1OS POR CORROSI\u00d3N<\/strong><\/li>\n<li><strong> EVALUACIONES API 579 (NIVEL 1 Y 2)<\/strong><\/li>\n<li><strong> EVALUACI\u00d3N INTEGRIDAD DE DUCTOS<\/strong><\/li>\n<li><strong> PROCESOS DE REPARACI\u00d3N DE ESTANQUES Y CA\u00d1ER\u00cdAS<\/strong><\/li>\n<li><strong>CONFECCI\u00d3N DE PROCEDIMIENTOS DE SOLDADURA<\/strong><\/li>\n<\/ul>\n\t\t\t\t<img loading=\"lazy\" decoding=\"async\" src=\"https:\/\/j2integridad.cl\/wp-content\/uploads\/2024\/10\/logo-color-1.png\" alt=\"logo color\" itemprop=\"image\" height=\"1000\" width=\"1000\" title=\"logo color\" onerror=\"this.style.display='none'\">\n<h2>\n\t\tPol\u00edtica de Planificaci\u00f3n Estrategica\n\t<\/h2>\n\t\t\t\t<img decoding=\"async\" src=\"https:\/\/j2integridad.cl\/wp-content\/plugins\/beaver-builder-lite-version\/img\/pixel.png\" alt=\"\" itemprop=\"image\" onerror=\"this.style.display='none'\">\n\t<strong>NUESTRA MISI\u00d3N<\/strong><br>\nBrindar soluciones especializadas y asesor\u00eda t\u00e9cnica para la preservaci\u00f3n y continuidad operativa de activos f\u00edsicos vinculados al almacenamiento y transporte de l\u00edquidos a granel, hidrocarburos y elementos estructurales. Nuestro enfoque es resolver problemas derivados de la degradaci\u00f3n, da\u00f1os o modificaciones de equipos est\u00e1ticos, proporcionando alternativas innovadoras y efectivas para asegurar su m\u00e1ximo rendimiento y durabilidad.\n\t\t\t\t<img decoding=\"async\" src=\"https:\/\/j2integridad.cl\/wp-content\/plugins\/beaver-builder-lite-version\/img\/pixel.png\" alt=\"\" itemprop=\"image\" onerror=\"this.style.display='none'\">\n\t<strong>NUESTRA VISI\u00d3N<\/strong><br>\nSer la empresa l\u00edder en el \u00e1mbito de la asesor\u00eda y soluciones t\u00e9cnicas para la conservaci\u00f3n de activos f\u00edsicos, reconocida por su innovaci\u00f3n, compromiso con la excelencia y la capacidad de ofrecer respuestas eficientes y sostenibles a las necesidades del sector. Queremos ser un referente en la optimizaci\u00f3n y prolongaci\u00f3n de la vida \u00fatil de equipos est\u00e1ticos en sectores clave como el almacenamiento y transporte de hidrocarburos y l\u00edquidos a granel.\n\t\t\t\t<img decoding=\"async\" src=\"https:\/\/j2integridad.cl\/wp-content\/plugins\/beaver-builder-lite-version\/img\/pixel.png\" alt=\"\" itemprop=\"image\" onerror=\"this.style.display='none'\">\n\t<strong>NUESTROS OBJETIVOS<\/strong><br>\nReflejan nuestro compromiso con la innovaci\u00f3n, la calidad, la sostenibilidad y la satisfacci\u00f3n del cliente, aline\u00e1ndose con nuestra misi\u00f3n y visi\u00f3n de ser l\u00edderes en el sector de la asesor\u00eda t\u00e9cnica y la conservaci\u00f3n de activos f\u00edsicos.\n<h3>\n\t\tObjetivos Estrat\u00e9gicos\n\t<\/h3>\n\tInnovaci\u00f3n Continua: Desarrollar e implementar nuevas tecnolog\u00edas y m\u00e9todos que mejoren la eficiencia y durabilidad de los activos f\u00edsicos.<br>\nExcelencia Operativa: Optimizar los procesos internos para asegurar la m\u00e1xima calidad en cada uno de los servicios de asesor\u00eda t\u00e9cnica y soluciones especializadas.<br>\nCrecimiento del Cliente: Expandir la base de clientes en sectores clave como el almacenamiento y transporte de hidrocarburos y l\u00edquidos a granel, estableciendo relaciones de largo plazo.\n<h3>\n\t\tObjetivos de Rendimiento\n\t<\/h3>\n\tReducci\u00f3n de Costos: Identificar y aplicar soluciones que disminuyan los costos de mantenimiento y reparaci\u00f3n para los clientes, sin comprometer la calidad.<br>\nAumento de la Satisfacci\u00f3n del Cliente: Mejorar continuamente la experiencia del cliente mediante encuestas de satisfacci\u00f3n y el an\u00e1lisis de feedback, con el objetivo de mantener un 100% de satisfacci\u00f3n.<br>\nProyectos Exitosos: Completar cada uno de nuestros proyectos con resultados positivos, asegurando la satisfacci\u00f3n del cliente y obteniendo referencias de calidad.\n<h3>\n\t\tObjetivos de Sostenibilidad\n\t<\/h3>\n\t<p>Compromiso Ambiental y Social: Implementar pr\u00e1cticas sostenibles que minimicen el impacto ambiental de las operaciones y servicios ofrecidos y participar activamente en iniciativas comunitarias y proyectos que contribuyan al bienestar de la comuna.<\/p>\n<h2>\n\t\tContacto\n\t<\/h2>\n<main id=\"main\">\n<article id=\"post-7\">\n<p>Para m\u00e1s informaci\u00f3n, no dudes en contactarnos a trav\u00e9s de nuestros canales de atenci\u00f3n.<\/p>\n<\/article>\n<\/main>\n\t\t\t<a href=\"\" target=\"_self\">\n\t\t\t\t\t\t\tContacto\n\t\t\t<\/a>\n\n\n\n<p><\/p>\n","protected":false},"excerpt":{"rendered":"<p>\u00bfQuienes somos? J2 Integridad Limitada Somos un equipo de profesionales multidisciplinarios enfocados a entregar soluciones a las problem\u00e1ticas relacionadas con [&hellip;]<\/p>\n","protected":false},"author":1,"featured_media":0,"parent":0,"menu_order":0,"comment_status":"closed","ping_status":"closed","template":"","meta":{"_uag_custom_page_level_css":"","site-sidebar-layout":"no-sidebar","site-content-layout":"page-builder","ast-site-content-layout":"default","site-content-style":"default","site-sidebar-style":"default","ast-global-header-display":"","ast-banner-title-visibility":"","ast-main-header-display":"","ast-hfb-above-header-display":"","ast-hfb-below-header-display":"","ast-hfb-mobile-header-display":"","site-post-title":"disabled","ast-breadcrumbs-content":"","ast-featured-img":"disabled","footer-sml-layout":"","ast-disable-related-posts":"","theme-transparent-header-meta":"","adv-header-id-meta":"","stick-header-meta":"","header-above-stick-meta":"","header-main-stick-meta":"","header-below-stick-meta":"","astra-migrate-meta-layouts":"default","ast-page-background-enabled":"default","ast-page-background-meta":{"desktop":{"background-color":"var(--ast-global-color-4)","background-image":"","background-repeat":"repeat","background-position":"center center","background-size":"auto","background-attachment":"scroll","background-type":"","background-media":"","overlay-type":"","overlay-color":"","overlay-opacity":"","overlay-gradient":""},"tablet":{"background-color":"","background-image":"","background-repeat":"repeat","background-position":"center center","background-size":"auto","background-attachment":"scroll","background-type":"","background-media":"","overlay-type":"","overlay-color":"","overlay-opacity":"","overlay-gradient":""},"mobile":{"background-color":"","background-image":"","background-repeat":"repeat","background-position":"center center","background-size":"auto","background-attachment":"scroll","background-type":"","background-media":"","overlay-type":"","overlay-color":"","overlay-opacity":"","overlay-gradient":""}},"ast-content-background-meta":{"desktop":{"background-color":"var(--ast-global-color-5)","background-image":"","background-repeat":"repeat","background-position":"center center","background-size":"auto","background-attachment":"scroll","background-type":"","background-media":"","overlay-type":"","overlay-color":"","overlay-opacity":"","overlay-gradient":""},"tablet":{"background-color":"var(--ast-global-color-5)","background-image":"","background-repeat":"repeat","background-position":"center center","background-size":"auto","background-attachment":"scroll","background-type":"","background-media":"","overlay-type":"","overlay-color":"","overlay-opacity":"","overlay-gradient":""},"mobile":{"background-color":"var(--ast-global-color-5)","background-image":"","background-repeat":"repeat","background-position":"center center","background-size":"auto","background-attachment":"scroll","background-type":"","background-media":"","overlay-type":"","overlay-color":"","overlay-opacity":"","overlay-gradient":""}},"footnotes":""},"class_list":["post-415","page","type-page","status-publish","hentry"],"uagb_featured_image_src":{"full":false,"thumbnail":false,"medium":false,"medium_large":false,"large":false,"1536x1536":false,"2048x2048":false},"uagb_author_info":{"display_name":"admin","author_link":"https:\/\/j2integridad.cl\/?author=1"},"uagb_comment_info":0,"uagb_excerpt":"\u00bfQuienes somos? J2 Integridad Limitada Somos un equipo de profesionales multidisciplinarios enfocados a entregar soluciones a las problem\u00e1ticas relacionadas con [&hellip;]","_links":{"self":[{"href":"https:\/\/j2integridad.cl\/index.php?rest_route=\/wp\/v2\/pages\/415","targetHints":{"allow":["GET"]}}],"collection":[{"href":"https:\/\/j2integridad.cl\/index.php?rest_route=\/wp\/v2\/pages"}],"about":[{"href":"https:\/\/j2integridad.cl\/index.php?rest_route=\/wp\/v2\/types\/page"}],"author":[{"embeddable":true,"href":"https:\/\/j2integridad.cl\/index.php?rest_route=\/wp\/v2\/users\/1"}],"replies":[{"embeddable":true,"href":"https:\/\/j2integridad.cl\/index.php?rest_route=%2Fwp%2Fv2%2Fcomments&post=415"}],"version-history":[{"count":6,"href":"https:\/\/j2integridad.cl\/index.php?rest_route=\/wp\/v2\/pages\/415\/revisions"}],"predecessor-version":[{"id":432,"href":"https:\/\/j2integridad.cl\/index.php?rest_route=\/wp\/v2\/pages\/415\/revisions\/432"}],"wp:attachment":[{"href":"https:\/\/j2integridad.cl\/index.php?rest_route=%2Fwp%2Fv2%2Fmedia&parent=415"}],"curies":[{"name":"wp","href":"https:\/\/api.w.org\/{rel}","templated":true}]}}