{"id":420,"date":"2025-02-07T12:59:17","date_gmt":"2025-02-07T15:59:17","guid":{"rendered":"https:\/\/j2integridad.cl\/?page_id=420"},"modified":"2025-02-11T08:03:13","modified_gmt":"2025-02-11T11:03:13","slug":"nosotros-copy-copy-2","status":"publish","type":"page","link":"https:\/\/j2integridad.cl\/","title":{"rendered":"Inicio"},"content":{"rendered":"\n<h1>\n\t\tJ2 INTEGRIDAD\u00a0\n\t<\/h1>\n<h1>\n\t\tSoluciones a medida para maximizar la eficiencia y seguridad de tus instalaciones de almacenamiento y transporte de l\u00edquidos\n\t<\/h1>\n<h2>\n\t\tNuestros Servicios\n\t<\/h2>\n\t<h3>Asesor\u00edas realizadas por un equipo de profesionales multidisciplinarios<\/h3>\n\t\t\t\t<img loading=\"lazy\" decoding=\"async\" src=\"https:\/\/j2integridad.cl\/wp-content\/uploads\/2024\/10\/1-estanques.jpg\" alt=\"1 estanques\" itemprop=\"image\" height=\"1000\" width=\"1000\" title=\"1 estanques\" onerror=\"this.style.display='none'\"  \/>\n\t<p><strong>C\u00e1lculo de Estanques<\/strong><\/p>\n<p><a href=\"https:\/\/j2integridad.cl\/?page_id=280\">M\u00c1S INFO<\/a><\/p>\n\t\t\t\t<img loading=\"lazy\" decoding=\"async\" src=\"https:\/\/j2integridad.cl\/wp-content\/uploads\/2024\/10\/7-estanque.jpg\" alt=\"7 estanque\" itemprop=\"image\" height=\"1000\" width=\"1000\" title=\"7 estanque\" onerror=\"this.style.display='none'\"  \/>\n\t<p><strong>Especificaciones T\u00e9cnicas para Reparaci\u00f3n de Estanques<\/strong><\/p>\n<p><a href=\"https:\/\/j2integridad.cl\/?page_id=280\">M\u00c1S INFO<\/a><\/p>\n<p>&nbsp;<\/p>\n\t\t\t\t<img loading=\"lazy\" decoding=\"async\" src=\"https:\/\/j2integridad.cl\/wp-content\/uploads\/2024\/10\/2-corrosion.jpg\" alt=\"2 corrosion\" itemprop=\"image\" height=\"1000\" width=\"1000\" title=\"2 corrosion\" onerror=\"this.style.display='none'\"  \/>\n\t<p><strong>An\u00e1lisis de Da\u00f1os por Corrosi\u00f3n<\/strong><\/p>\n<p><a href=\"https:\/\/j2integridad.cl\/?page_id=280\">M\u00c1S INFO<\/a><\/p>\n<p>&nbsp;<\/p>\n\t\t\t\t<img loading=\"lazy\" decoding=\"async\" src=\"https:\/\/j2integridad.cl\/wp-content\/uploads\/2024\/10\/crop-people-discussing-drafts-office-scaled.jpg\" alt=\"crop-people-discussing-drafts-office\" itemprop=\"image\" height=\"1707\" width=\"2560\" title=\"crop-people-discussing-drafts-office\" onerror=\"this.style.display='none'\"  \/>\n\t<p><strong>Evaluaciones API 579-1\/ASME FFS-1 (Fitness-For-Service) <\/strong><\/p>\n<p><a href=\"https:\/\/j2integridad.cl\/?page_id=280\">M\u00c1S INFO<\/a><\/p>\n<p>&nbsp;<\/p>\n\t\t\t\t<img loading=\"lazy\" decoding=\"async\" src=\"https:\/\/j2integridad.cl\/wp-content\/uploads\/2024\/10\/3-ductos.jpg\" alt=\"3 ductos\" itemprop=\"image\" height=\"1000\" width=\"1000\" title=\"3 ductos\" onerror=\"this.style.display='none'\"  \/>\n\t<p><strong>Evaluaci\u00f3n de Integridad de Ductos<\/strong><\/p>\n<p><a href=\"https:\/\/j2integridad.cl\/?page_id=280\">M\u00c1S INFO<\/a><\/p>\n<p>&nbsp;<\/p>\n\t\t\t\t<img loading=\"lazy\" decoding=\"async\" src=\"https:\/\/j2integridad.cl\/wp-content\/uploads\/2024\/10\/4-canerias.jpg\" alt=\"4 ca\u00f1erias\" itemprop=\"image\" height=\"1000\" width=\"1000\" title=\"4 ca\u00f1erias\" onerror=\"this.style.display='none'\"  \/>\n\t<p><strong>Procedimientos para Reparaci\u00f3n de Estanques y Ca\u00f1er\u00edas<\/strong><\/p>\n<p><a href=\"https:\/\/j2integridad.cl\/?page_id=280\">M\u00c1S INFO<\/a><\/p>\n<p>&nbsp;<\/p>\n\t\t\t\t<img loading=\"lazy\" decoding=\"async\" src=\"https:\/\/j2integridad.cl\/wp-content\/uploads\/2024\/10\/builders-discussing-drafts-1-scaled.jpg\" alt=\"builders-discussing-drafts\" itemprop=\"image\" height=\"1707\" width=\"2560\" title=\"builders-discussing-drafts\" onerror=\"this.style.display='none'\"  \/>\n\t<p><strong>Evaluaciones Estructurales<\/strong><\/p>\n<p><a href=\"https:\/\/j2integridad.cl\/?page_id=280\">M\u00c1S INFO<\/a><\/p>\n\t\t\t\t<img loading=\"lazy\" decoding=\"async\" src=\"https:\/\/j2integridad.cl\/wp-content\/uploads\/2024\/10\/5-soldaduras.jpg\" alt=\"5 soldaduras\" itemprop=\"image\" height=\"1000\" width=\"1000\" title=\"5 soldaduras\" onerror=\"this.style.display='none'\"  \/>\n\t<p><strong>Confecci\u00f3n de Procedimientos de Soldadura<\/strong><\/p>\n<p><a href=\"https:\/\/j2integridad.cl\/?page_id=280\">M\u00c1S INFO<\/a><\/p>\n<h3>\n\t\tAsesor\u00eda experta de profesionales comprometidos con el \u00e9xito de tu negocio\n\t<\/h3>\n\t\t\t\t<img loading=\"lazy\" decoding=\"async\" src=\"https:\/\/j2integridad.cl\/wp-content\/uploads\/2024\/10\/logo-color-1.png\" alt=\"logo color\" itemprop=\"image\" height=\"1000\" width=\"1000\" title=\"logo color\" onerror=\"this.style.display='none'\"  \/>\n<h2>\n\t\tCon\u00f3zcanos\n\t<\/h2>\n<p>Brindar soluciones personalizadas para asegurar la integridad y eficiencia de los activos f\u00edsicos, minimizando el riesgo y maximizando la vida \u00fatil de instalaciones de almacenamiento y transporte de l\u00edquidos.<\/p>\n<p>&nbsp;<\/p>\n\t\t\t<a href=\"https:\/\/j2integridad.cl\/?page_id=108\" target=\"_self\">\n\t\t\t\t\t\t\tM\u00e1s Info\n\t\t\t<\/a>\n<h2>\n\t\tContacto\n\t<\/h2>\n<main id=\"main\">\n<article id=\"post-7\">\n<p>Para m\u00e1s informaci\u00f3n, no dudes en contactarnos a trav\u00e9s de nuestros canales de atenci\u00f3n.<\/p>\n<\/article>\n<\/main>\n\t\t\t<a href=\"\" target=\"_self\">\n\t\t\t\t\t\t\tContacto\n\t\t\t<\/a>\n\n","protected":false},"excerpt":{"rendered":"<p>J2 INTEGRIDAD\u00a0 Soluciones a medida para maximizar la eficiencia y seguridad de tus instalaciones de almacenamiento y transporte de l\u00edquidos [&hellip;]<\/p>\n","protected":false},"author":1,"featured_media":0,"parent":0,"menu_order":0,"comment_status":"closed","ping_status":"closed","template":"","meta":{"_uag_custom_page_level_css":"","site-sidebar-layout":"no-sidebar","site-content-layout":"page-builder","ast-site-content-layout":"default","site-content-style":"default","site-sidebar-style":"default","ast-global-header-display":"","ast-banner-title-visibility":"","ast-main-header-display":"","ast-hfb-above-header-display":"","ast-hfb-below-header-display":"","ast-hfb-mobile-header-display":"","site-post-title":"disabled","ast-breadcrumbs-content":"","ast-featured-img":"disabled","footer-sml-layout":"","ast-disable-related-posts":"","theme-transparent-header-meta":"","adv-header-id-meta":"","stick-header-meta":"","header-above-stick-meta":"","header-main-stick-meta":"","header-below-stick-meta":"","astra-migrate-meta-layouts":"default","ast-page-background-enabled":"default","ast-page-background-meta":{"desktop":{"background-color":"var(--ast-global-color-4)","background-image":"","background-repeat":"repeat","background-position":"center center","background-size":"auto","background-attachment":"scroll","background-type":"","background-media":"","overlay-type":"","overlay-color":"","overlay-opacity":"","overlay-gradient":""},"tablet":{"background-color":"","background-image":"","background-repeat":"repeat","background-position":"center center","background-size":"auto","background-attachment":"scroll","background-type":"","background-media":"","overlay-type":"","overlay-color":"","overlay-opacity":"","overlay-gradient":""},"mobile":{"background-color":"","background-image":"","background-repeat":"repeat","background-position":"center center","background-size":"auto","background-attachment":"scroll","background-type":"","background-media":"","overlay-type":"","overlay-color":"","overlay-opacity":"","overlay-gradient":""}},"ast-content-background-meta":{"desktop":{"background-color":"var(--ast-global-color-5)","background-image":"","background-repeat":"repeat","background-position":"center center","background-size":"auto","background-attachment":"scroll","background-type":"","background-media":"","overlay-type":"","overlay-color":"","overlay-opacity":"","overlay-gradient":""},"tablet":{"background-color":"var(--ast-global-color-5)","background-image":"","background-repeat":"repeat","background-position":"center center","background-size":"auto","background-attachment":"scroll","background-type":"","background-media":"","overlay-type":"","overlay-color":"","overlay-opacity":"","overlay-gradient":""},"mobile":{"background-color":"var(--ast-global-color-5)","background-image":"","background-repeat":"repeat","background-position":"center center","background-size":"auto","background-attachment":"scroll","background-type":"","background-media":"","overlay-type":"","overlay-color":"","overlay-opacity":"","overlay-gradient":""}},"footnotes":""},"class_list":["post-420","page","type-page","status-publish","hentry"],"uagb_featured_image_src":{"full":false,"thumbnail":false,"medium":false,"medium_large":false,"large":false,"1536x1536":false,"2048x2048":false},"uagb_author_info":{"display_name":"admin","author_link":"https:\/\/j2integridad.cl\/?author=1"},"uagb_comment_info":0,"uagb_excerpt":"J2 INTEGRIDAD\u00a0 Soluciones a medida para maximizar la eficiencia y seguridad de tus instalaciones de almacenamiento y transporte de l\u00edquidos [&hellip;]","_links":{"self":[{"href":"https:\/\/j2integridad.cl\/index.php?rest_route=\/wp\/v2\/pages\/420","targetHints":{"allow":["GET"]}}],"collection":[{"href":"https:\/\/j2integridad.cl\/index.php?rest_route=\/wp\/v2\/pages"}],"about":[{"href":"https:\/\/j2integridad.cl\/index.php?rest_route=\/wp\/v2\/types\/page"}],"author":[{"embeddable":true,"href":"https:\/\/j2integridad.cl\/index.php?rest_route=\/wp\/v2\/users\/1"}],"replies":[{"embeddable":true,"href":"https:\/\/j2integridad.cl\/index.php?rest_route=%2Fwp%2Fv2%2Fcomments&post=420"}],"version-history":[{"count":7,"href":"https:\/\/j2integridad.cl\/index.php?rest_route=\/wp\/v2\/pages\/420\/revisions"}],"predecessor-version":[{"id":438,"href":"https:\/\/j2integridad.cl\/index.php?rest_route=\/wp\/v2\/pages\/420\/revisions\/438"}],"wp:attachment":[{"href":"https:\/\/j2integridad.cl\/index.php?rest_route=%2Fwp%2Fv2%2Fmedia&parent=420"}],"curies":[{"name":"wp","href":"https:\/\/api.w.org\/{rel}","templated":true}]}}